{"id":48179,"date":"2019-08-15T16:00:39","date_gmt":"2019-08-15T13:00:39","guid":{"rendered":"https:\/\/www.scoro.com\/rebranding"},"modified":"2023-11-30T18:30:16","modified_gmt":"2023-11-30T16:30:16","slug":"scoro-biznesa-vadibas-programmatura","status":"publish","type":"page","link":"https:\/\/www.scoro.com\/lv\/","title":{"rendered":"Darba vad\u012bbas programma &#8220;Viss vien\u0101&#8221; | Scoro"},"content":{"rendered":"<h1>Veiksm\u012bgi projekti no cenu pied\u0101v\u0101juma l\u012bdz pe\u013c\u0146ai<\/h1>\n<p>Darba vad\u012bbas programmat\u016bra rad\u012bta pakalpojumu nozares uz\u0146\u0113mumiem, kuri ir noguru\u0161i no nesavienojam\u0101m sist\u0113m\u0101m, neprognoz\u0113jamas darba slodzes un sar\u016bko\u0161as pe\u013c\u0146as.<\/p>\n","protected":false},"excerpt":{"rendered":"<p>Veiksm\u012bgi projekti no cenu pied\u0101v\u0101juma l\u012bdz pe\u013c\u0146ai Darba vad\u012bbas programmat\u016bra rad\u012bta pakalpojumu nozares uz\u0146\u0113mumiem, kuri ir noguru\u0161i no nesavienojam\u0101m sist\u0113m\u0101m, neprognoz\u0113jamas darba slodzes un sar\u016bko\u0161as pe\u013c\u0146as.<\/p>\n","protected":false},"author":24,"featured_media":142536,"parent":0,"menu_order":0,"comment_status":"closed","ping_status":"closed","template":"template-home.php","meta":{"_acf_changed":false,"content-type":"","footnotes":""},"class_list":["post-48179","page","type-page","status-publish","has-post-thumbnail","hentry"],"acf":[],"aioseo_notices":[],"_links":{"self":[{"href":"https:\/\/www.scoro.com\/lv\/wp-json\/wp\/v2\/pages\/48179","targetHints":{"allow":["GET"]}}],"collection":[{"href":"https:\/\/www.scoro.com\/lv\/wp-json\/wp\/v2\/pages"}],"about":[{"href":"https:\/\/www.scoro.com\/lv\/wp-json\/wp\/v2\/types\/page"}],"author":[{"embeddable":true,"href":"https:\/\/www.scoro.com\/lv\/wp-json\/wp\/v2\/users\/24"}],"replies":[{"embeddable":true,"href":"https:\/\/www.scoro.com\/lv\/wp-json\/wp\/v2\/comments?post=48179"}],"version-history":[{"count":8,"href":"https:\/\/www.scoro.com\/lv\/wp-json\/wp\/v2\/pages\/48179\/revisions"}],"predecessor-version":[{"id":185868,"href":"https:\/\/www.scoro.com\/lv\/wp-json\/wp\/v2\/pages\/48179\/revisions\/185868"}],"wp:featuredmedia":[{"embeddable":true,"href":"https:\/\/www.scoro.com\/lv\/wp-json\/wp\/v2\/media\/142536"}],"wp:attachment":[{"href":"https:\/\/www.scoro.com\/lv\/wp-json\/wp\/v2\/media?parent=48179"}],"curies":[{"name":"wp","href":"https:\/\/api.w.org\/{rel}","templated":true}]}}