{"id":167826,"date":"2021-11-04T11:07:12","date_gmt":"2021-11-04T09:07:12","guid":{"rendered":"https:\/\/www.scoro.com\/?page_id=167826"},"modified":"2025-04-22T17:19:21","modified_gmt":"2025-04-22T14:19:21","slug":"cenas","status":"publish","type":"page","link":"https:\/\/www.scoro.com\/lv\/cenas\/","title":{"rendered":"Sal\u012bdzini pl\u0101nus"},"content":{"rendered":"<p>Apskatiet m\u016bsu pieejamo pl\u0101nu sarakstu, lai izv\u0113l\u0113tos vispiem\u0113rot\u0101ko pl\u0101nu J\u016bsu komandas vajadz\u012bb\u0101m. S\u0101ciet darbu bezmaksas. Kred\u012btkarte nav nepiecie\u0161ama.<\/p>\n","protected":false},"excerpt":{"rendered":"<p>Apskatiet m\u016bsu pieejamo pl\u0101nu sarakstu, lai izv\u0113l\u0113tos vispiem\u0113rot\u0101ko pl\u0101nu J\u016bsu komandas vajadz\u012bb\u0101m. S\u0101ciet darbu bezmaksas. Kred\u012btkarte nav nepiecie\u0161ama.<\/p>\n","protected":false},"author":24,"featured_media":55269,"parent":0,"menu_order":0,"comment_status":"closed","ping_status":"closed","template":"template-planspricing.php","meta":{"_acf_changed":false,"content-type":"","footnotes":""},"class_list":["post-167826","page","type-page","status-publish","has-post-thumbnail","hentry"],"acf":[],"aioseo_notices":[],"_links":{"self":[{"href":"https:\/\/www.scoro.com\/lv\/wp-json\/wp\/v2\/pages\/167826","targetHints":{"allow":["GET"]}}],"collection":[{"href":"https:\/\/www.scoro.com\/lv\/wp-json\/wp\/v2\/pages"}],"about":[{"href":"https:\/\/www.scoro.com\/lv\/wp-json\/wp\/v2\/types\/page"}],"author":[{"embeddable":true,"href":"https:\/\/www.scoro.com\/lv\/wp-json\/wp\/v2\/users\/24"}],"replies":[{"embeddable":true,"href":"https:\/\/www.scoro.com\/lv\/wp-json\/wp\/v2\/comments?post=167826"}],"version-history":[{"count":5,"href":"https:\/\/www.scoro.com\/lv\/wp-json\/wp\/v2\/pages\/167826\/revisions"}],"predecessor-version":[{"id":215023,"href":"https:\/\/www.scoro.com\/lv\/wp-json\/wp\/v2\/pages\/167826\/revisions\/215023"}],"wp:featuredmedia":[{"embeddable":true,"href":"https:\/\/www.scoro.com\/lv\/wp-json\/wp\/v2\/media\/55269"}],"wp:attachment":[{"href":"https:\/\/www.scoro.com\/lv\/wp-json\/wp\/v2\/media?parent=167826"}],"curies":[{"name":"wp","href":"https:\/\/api.w.org\/{rel}","templated":true}]}}