{"id":114172,"date":"2020-06-04T17:31:47","date_gmt":"2020-06-04T14:31:47","guid":{"rendered":"https:\/\/www.scoro.com\/features\/"},"modified":"2025-08-28T10:22:21","modified_gmt":"2025-08-28T07:22:21","slug":"funkcijas","status":"publish","type":"page","link":"https:\/\/www.scoro.com\/lv\/funkcijas\/","title":{"rendered":"Funkcijas"},"content":{"rendered":"<h1>Viss ir viena klik\u0161\u0137a att\u0101lum\u0101<\/h1>\n<p>Orient\u0113jiet savu biznesu uz pan\u0101kumiem ar \u2018viss vien\u0101\u2019 risin\u0101juma pal\u012bdz\u012bbu. P\u0101rvaldiet J\u016bsu p\u0101rdo\u0161anu un klientus, pl\u0101nojiet J\u016bsu komandas laiku un projektus un sekojiet l\u012bdzi sava biznesa rezult\u0101tiem re\u0101laj\u0101 laik\u0101.<\/p>\n","protected":false},"excerpt":{"rendered":"<p>Viss ir viena klik\u0161\u0137a att\u0101lum\u0101 Orient\u0113jiet savu biznesu uz pan\u0101kumiem ar \u2018viss vien\u0101\u2019 risin\u0101juma pal\u012bdz\u012bbu. P\u0101rvaldiet J\u016bsu p\u0101rdo\u0161anu un klientus, pl\u0101nojiet J\u016bsu komandas laiku un projektus<\/p>\n","protected":false},"author":24,"featured_media":0,"parent":0,"menu_order":0,"comment_status":"closed","ping_status":"closed","template":"template-product.php","meta":{"_acf_changed":false,"content-type":"","footnotes":""},"class_list":["post-114172","page","type-page","status-publish","hentry"],"acf":[],"aioseo_notices":[],"_links":{"self":[{"href":"https:\/\/www.scoro.com\/lv\/wp-json\/wp\/v2\/pages\/114172","targetHints":{"allow":["GET"]}}],"collection":[{"href":"https:\/\/www.scoro.com\/lv\/wp-json\/wp\/v2\/pages"}],"about":[{"href":"https:\/\/www.scoro.com\/lv\/wp-json\/wp\/v2\/types\/page"}],"author":[{"embeddable":true,"href":"https:\/\/www.scoro.com\/lv\/wp-json\/wp\/v2\/users\/24"}],"replies":[{"embeddable":true,"href":"https:\/\/www.scoro.com\/lv\/wp-json\/wp\/v2\/comments?post=114172"}],"version-history":[{"count":11,"href":"https:\/\/www.scoro.com\/lv\/wp-json\/wp\/v2\/pages\/114172\/revisions"}],"predecessor-version":[{"id":223318,"href":"https:\/\/www.scoro.com\/lv\/wp-json\/wp\/v2\/pages\/114172\/revisions\/223318"}],"wp:attachment":[{"href":"https:\/\/www.scoro.com\/lv\/wp-json\/wp\/v2\/media?parent=114172"}],"curies":[{"name":"wp","href":"https:\/\/api.w.org\/{rel}","templated":true}]}}