{"id":48659,"date":"2019-08-15T16:00:39","date_gmt":"2019-08-15T13:00:39","guid":{"rendered":"https:\/\/www.scoro.com\/rebranding"},"modified":"2026-04-28T15:09:13","modified_gmt":"2026-04-28T12:09:13","slug":"scoro-darbo-valdymo-sprendimas","status":"publish","type":"page","link":"https:\/\/www.scoro.com\/lt\/","title":{"rendered":"&#8222;Viskas viename&#8221; darbo valdymo sprendimas | Scoro"},"content":{"rendered":"<h1>S\u0117kmingi projektai nuo pasi\u016blymo iki pinig\u0173 sraut\u0173<\/h1>\n<p>Darb\u0173 valdymo programin\u0117 \u012franga, sukurta paslaug\u0173 \u012fmon\u0117ms, pavargusioms nuo nesuderint\u0173 sistem\u0173, nenusp\u0117jamo darbo kr\u016bvio ir ma\u017e\u0117jan\u010di\u0173 mar\u017e\u0173.<\/p>\n","protected":false},"excerpt":{"rendered":"<p>S\u0117kmingi projektai nuo pasi\u016blymo iki pinig\u0173 sraut\u0173 Darb\u0173 valdymo programin\u0117 \u012franga, sukurta paslaug\u0173 \u012fmon\u0117ms, pavargusioms nuo nesuderint\u0173 sistem\u0173, nenusp\u0117jamo darbo kr\u016bvio ir ma\u017e\u0117jan\u010di\u0173 mar\u017e\u0173.<\/p>\n","protected":false},"author":24,"featured_media":142537,"parent":0,"menu_order":0,"comment_status":"closed","ping_status":"closed","template":"template-home.php","meta":{"_acf_changed":false,"content-type":"","footnotes":""},"class_list":["post-48659","page","type-page","status-publish","has-post-thumbnail","hentry"],"acf":[],"aioseo_notices":[],"_links":{"self":[{"href":"https:\/\/www.scoro.com\/lt\/wp-json\/wp\/v2\/pages\/48659","targetHints":{"allow":["GET"]}}],"collection":[{"href":"https:\/\/www.scoro.com\/lt\/wp-json\/wp\/v2\/pages"}],"about":[{"href":"https:\/\/www.scoro.com\/lt\/wp-json\/wp\/v2\/types\/page"}],"author":[{"embeddable":true,"href":"https:\/\/www.scoro.com\/lt\/wp-json\/wp\/v2\/users\/24"}],"replies":[{"embeddable":true,"href":"https:\/\/www.scoro.com\/lt\/wp-json\/wp\/v2\/comments?post=48659"}],"version-history":[{"count":5,"href":"https:\/\/www.scoro.com\/lt\/wp-json\/wp\/v2\/pages\/48659\/revisions"}],"predecessor-version":[{"id":235178,"href":"https:\/\/www.scoro.com\/lt\/wp-json\/wp\/v2\/pages\/48659\/revisions\/235178"}],"wp:featuredmedia":[{"embeddable":true,"href":"https:\/\/www.scoro.com\/lt\/wp-json\/wp\/v2\/media\/142537"}],"wp:attachment":[{"href":"https:\/\/www.scoro.com\/lt\/wp-json\/wp\/v2\/media?parent=48659"}],"curies":[{"name":"wp","href":"https:\/\/api.w.org\/{rel}","templated":true}]}}