{"id":167828,"date":"2021-11-04T11:09:42","date_gmt":"2021-11-04T09:09:42","guid":{"rendered":"https:\/\/www.scoro.com\/?page_id=167828"},"modified":"2025-04-22T17:16:42","modified_gmt":"2025-04-22T14:16:42","slug":"kainos","status":"publish","type":"page","link":"https:\/\/www.scoro.com\/lt\/kainos\/","title":{"rendered":"Kainos ir planai"},"content":{"rendered":"<p>Per\u017ei\u016br\u0117kite galimus planus ir pasirinkite tinkamiausi\u0105 J\u016bs\u0173 komandos poreikiams. I\u0161bandykite Scoro nemokamai \u2014 kreditin\u0117 kortel\u0117 nereikalinga.<\/p>\n","protected":false},"excerpt":{"rendered":"<p>Per\u017ei\u016br\u0117kite galimus planus ir pasirinkite tinkamiausi\u0105 J\u016bs\u0173 komandos poreikiams. I\u0161bandykite Scoro nemokamai \u2014 kreditin\u0117 kortel\u0117 nereikalinga.<\/p>\n","protected":false},"author":24,"featured_media":55270,"parent":0,"menu_order":0,"comment_status":"closed","ping_status":"closed","template":"template-planspricing.php","meta":{"_acf_changed":false,"content-type":"","footnotes":""},"class_list":["post-167828","page","type-page","status-publish","has-post-thumbnail","hentry"],"acf":[],"aioseo_notices":[],"_links":{"self":[{"href":"https:\/\/www.scoro.com\/lt\/wp-json\/wp\/v2\/pages\/167828","targetHints":{"allow":["GET"]}}],"collection":[{"href":"https:\/\/www.scoro.com\/lt\/wp-json\/wp\/v2\/pages"}],"about":[{"href":"https:\/\/www.scoro.com\/lt\/wp-json\/wp\/v2\/types\/page"}],"author":[{"embeddable":true,"href":"https:\/\/www.scoro.com\/lt\/wp-json\/wp\/v2\/users\/24"}],"replies":[{"embeddable":true,"href":"https:\/\/www.scoro.com\/lt\/wp-json\/wp\/v2\/comments?post=167828"}],"version-history":[{"count":5,"href":"https:\/\/www.scoro.com\/lt\/wp-json\/wp\/v2\/pages\/167828\/revisions"}],"predecessor-version":[{"id":215022,"href":"https:\/\/www.scoro.com\/lt\/wp-json\/wp\/v2\/pages\/167828\/revisions\/215022"}],"wp:featuredmedia":[{"embeddable":true,"href":"https:\/\/www.scoro.com\/lt\/wp-json\/wp\/v2\/media\/55270"}],"wp:attachment":[{"href":"https:\/\/www.scoro.com\/lt\/wp-json\/wp\/v2\/media?parent=167828"}],"curies":[{"name":"wp","href":"https:\/\/api.w.org\/{rel}","templated":true}]}}