{"id":167822,"date":"2021-11-04T11:04:10","date_gmt":"2021-11-04T09:04:10","guid":{"rendered":"https:\/\/www.scoro.com\/?page_id=167822"},"modified":"2025-04-22T17:20:23","modified_gmt":"2025-04-22T14:20:23","slug":"tarifs","status":"publish","type":"page","link":"https:\/\/www.scoro.com\/fr\/tarifs\/","title":{"rendered":"Forfaits et tarifs"},"content":{"rendered":"<p>Jetez un \u0153il \u00e0 notre liste de forfaits et de prix disponibles pour r\u00e9pondre aux besoins de vos \u00e9quipes. Commencez gratuitement. Pas besoin de carte de cr\u00e9dit.<\/p>\n","protected":false},"excerpt":{"rendered":"<p>Jetez un \u0153il \u00e0 notre liste de forfaits et de prix disponibles pour r\u00e9pondre aux besoins de vos \u00e9quipes. Commencez gratuitement. Pas besoin de carte de<\/p>\n","protected":false},"author":24,"featured_media":120656,"parent":0,"menu_order":0,"comment_status":"closed","ping_status":"closed","template":"template-planspricing.php","meta":{"_acf_changed":false,"content-type":"","footnotes":""},"class_list":["post-167822","page","type-page","status-publish","has-post-thumbnail","hentry"],"acf":[],"aioseo_notices":[],"_links":{"self":[{"href":"https:\/\/www.scoro.com\/fr\/wp-json\/wp\/v2\/pages\/167822","targetHints":{"allow":["GET"]}}],"collection":[{"href":"https:\/\/www.scoro.com\/fr\/wp-json\/wp\/v2\/pages"}],"about":[{"href":"https:\/\/www.scoro.com\/fr\/wp-json\/wp\/v2\/types\/page"}],"author":[{"embeddable":true,"href":"https:\/\/www.scoro.com\/fr\/wp-json\/wp\/v2\/users\/24"}],"replies":[{"embeddable":true,"href":"https:\/\/www.scoro.com\/fr\/wp-json\/wp\/v2\/comments?post=167822"}],"version-history":[{"count":5,"href":"https:\/\/www.scoro.com\/fr\/wp-json\/wp\/v2\/pages\/167822\/revisions"}],"predecessor-version":[{"id":215024,"href":"https:\/\/www.scoro.com\/fr\/wp-json\/wp\/v2\/pages\/167822\/revisions\/215024"}],"wp:featuredmedia":[{"embeddable":true,"href":"https:\/\/www.scoro.com\/fr\/wp-json\/wp\/v2\/media\/120656"}],"wp:attachment":[{"href":"https:\/\/www.scoro.com\/fr\/wp-json\/wp\/v2\/media?parent=167822"}],"curies":[{"name":"wp","href":"https:\/\/api.w.org\/{rel}","templated":true}]}}