{"id":120657,"date":"2020-10-25T16:00:39","date_gmt":"2020-10-25T14:00:39","guid":{"rendered":"https:\/\/www.scoro.com\/rebranding\/"},"modified":"2023-11-30T18:14:22","modified_gmt":"2023-11-30T16:14:22","slug":"rebranding","status":"publish","type":"page","link":"https:\/\/www.scoro.com\/fr\/","title":{"rendered":"Le Logiciel de Gestion de Travail Tout-en-Un | Scoro"},"content":{"rendered":"<h1>Des projets r\u00e9ussis,<br \/>\ndu devis \u00e0 l&rsquo;encaissement<\/h1>\n<p>Un logiciel de gestion des t\u00e2ches con\u00e7u pour les entreprises qui souhaitent travailler avec des syst\u00e8mes fluides et pratiques, g\u00e9rer leurs charges de travail impr\u00e9visibles et prot\u00e9ger leurs marges.<\/p>\n","protected":false},"excerpt":{"rendered":"<p>Des projets r\u00e9ussis, du devis \u00e0 l&rsquo;encaissement Un logiciel de gestion des t\u00e2ches con\u00e7u pour les entreprises qui souhaitent travailler avec des syst\u00e8mes fluides et pratiques,<\/p>\n","protected":false},"author":24,"featured_media":142535,"parent":0,"menu_order":0,"comment_status":"closed","ping_status":"closed","template":"template-home.php","meta":{"_acf_changed":false,"content-type":"","footnotes":""},"class_list":["post-120657","page","type-page","status-publish","has-post-thumbnail","hentry"],"acf":[],"aioseo_notices":[],"_links":{"self":[{"href":"https:\/\/www.scoro.com\/fr\/wp-json\/wp\/v2\/pages\/120657","targetHints":{"allow":["GET"]}}],"collection":[{"href":"https:\/\/www.scoro.com\/fr\/wp-json\/wp\/v2\/pages"}],"about":[{"href":"https:\/\/www.scoro.com\/fr\/wp-json\/wp\/v2\/types\/page"}],"author":[{"embeddable":true,"href":"https:\/\/www.scoro.com\/fr\/wp-json\/wp\/v2\/users\/24"}],"replies":[{"embeddable":true,"href":"https:\/\/www.scoro.com\/fr\/wp-json\/wp\/v2\/comments?post=120657"}],"version-history":[{"count":7,"href":"https:\/\/www.scoro.com\/fr\/wp-json\/wp\/v2\/pages\/120657\/revisions"}],"predecessor-version":[{"id":185861,"href":"https:\/\/www.scoro.com\/fr\/wp-json\/wp\/v2\/pages\/120657\/revisions\/185861"}],"wp:featuredmedia":[{"embeddable":true,"href":"https:\/\/www.scoro.com\/fr\/wp-json\/wp\/v2\/media\/142535"}],"wp:attachment":[{"href":"https:\/\/www.scoro.com\/fr\/wp-json\/wp\/v2\/media?parent=120657"}],"curies":[{"name":"wp","href":"https:\/\/api.w.org\/{rel}","templated":true}]}}