{"id":48086,"date":"2019-09-06T16:12:55","date_gmt":"2019-09-06T13:12:55","guid":{"rendered":"https:\/\/www.scoro.com\/?page_id=48086"},"modified":"2026-04-28T15:07:29","modified_gmt":"2026-04-28T12:07:29","slug":"rebranding","status":"publish","type":"page","link":"https:\/\/www.scoro.com\/et\/","title":{"rendered":"Scoro t\u00f6\u00f6haldustarkvara"},"content":{"rendered":"<h1>Edukad projektid pakkumisest arveldamiseni<\/h1>\n<p>T\u00f6\u00f6haldustarkvara, mis aitab sinu ettev\u00f5tte t\u00f6\u00f6d t\u00f5husamaks muuta. Scoros on olemas k\u00f5ik vajalik nii projektide haldamiseks, aja j\u00e4lgimiseks, t\u00f6\u00f6de eest arveldamiseks kui ka p\u00f5hjaliku aruandluse n\u00e4gemiseks.<\/p>\n","protected":false},"excerpt":{"rendered":"<p>Edukad projektid pakkumisest arveldamiseni T\u00f6\u00f6haldustarkvara, mis aitab sinu ettev\u00f5tte t\u00f6\u00f6d t\u00f5husamaks muuta. Scoros on olemas k\u00f5ik vajalik nii projektide haldamiseks, aja j\u00e4lgimiseks, t\u00f6\u00f6de eest arveldamiseks kui<\/p>\n","protected":false},"author":24,"featured_media":142533,"parent":0,"menu_order":0,"comment_status":"closed","ping_status":"closed","template":"template-home.php","meta":{"_acf_changed":false,"content-type":"","footnotes":""},"class_list":["post-48086","page","type-page","status-publish","has-post-thumbnail","hentry"],"acf":[],"aioseo_notices":[],"_links":{"self":[{"href":"https:\/\/www.scoro.com\/et\/wp-json\/wp\/v2\/pages\/48086","targetHints":{"allow":["GET"]}}],"collection":[{"href":"https:\/\/www.scoro.com\/et\/wp-json\/wp\/v2\/pages"}],"about":[{"href":"https:\/\/www.scoro.com\/et\/wp-json\/wp\/v2\/types\/page"}],"author":[{"embeddable":true,"href":"https:\/\/www.scoro.com\/et\/wp-json\/wp\/v2\/users\/24"}],"replies":[{"embeddable":true,"href":"https:\/\/www.scoro.com\/et\/wp-json\/wp\/v2\/comments?post=48086"}],"version-history":[{"count":5,"href":"https:\/\/www.scoro.com\/et\/wp-json\/wp\/v2\/pages\/48086\/revisions"}],"predecessor-version":[{"id":235177,"href":"https:\/\/www.scoro.com\/et\/wp-json\/wp\/v2\/pages\/48086\/revisions\/235177"}],"wp:featuredmedia":[{"embeddable":true,"href":"https:\/\/www.scoro.com\/et\/wp-json\/wp\/v2\/media\/142533"}],"wp:attachment":[{"href":"https:\/\/www.scoro.com\/et\/wp-json\/wp\/v2\/media?parent=48086"}],"curies":[{"name":"wp","href":"https:\/\/api.w.org\/{rel}","templated":true}]}}