{"id":114165,"date":"2020-06-04T17:31:47","date_gmt":"2020-06-04T14:31:47","guid":{"rendered":"https:\/\/www.scoro.com\/features\/"},"modified":"2025-08-28T09:46:57","modified_gmt":"2025-08-28T06:46:57","slug":"voimalused","status":"publish","type":"page","link":"https:\/\/www.scoro.com\/et\/voimalused\/","title":{"rendered":"V\u00f5imalused"},"content":{"rendered":"<h1>K\u00f5ik vajalik vaid \u00fche kliki kaugusel<\/h1>\n<p>Vali edu \u2013 juhi oma \u00e4ri \u00fcheainsa tarkvaralahenduse abil. Halda m\u00fc\u00fcgitehinguid ja kontakte, planeeri tiimi t\u00f6\u00f6aega ja projekte ning hoia reaalajas ettev\u00f5tte k\u00e4ek\u00e4igul silma peal.<\/p>\n","protected":false},"excerpt":{"rendered":"<p>K\u00f5ik vajalik vaid \u00fche kliki kaugusel Vali edu \u2013 juhi oma \u00e4ri \u00fcheainsa tarkvaralahenduse abil. Halda m\u00fc\u00fcgitehinguid ja kontakte, planeeri tiimi t\u00f6\u00f6aega ja projekte ning hoia<\/p>\n","protected":false},"author":24,"featured_media":0,"parent":0,"menu_order":0,"comment_status":"closed","ping_status":"closed","template":"template-product.php","meta":{"_acf_changed":false,"content-type":"","footnotes":""},"class_list":["post-114165","page","type-page","status-publish","hentry"],"acf":[],"aioseo_notices":[],"_links":{"self":[{"href":"https:\/\/www.scoro.com\/et\/wp-json\/wp\/v2\/pages\/114165","targetHints":{"allow":["GET"]}}],"collection":[{"href":"https:\/\/www.scoro.com\/et\/wp-json\/wp\/v2\/pages"}],"about":[{"href":"https:\/\/www.scoro.com\/et\/wp-json\/wp\/v2\/types\/page"}],"author":[{"embeddable":true,"href":"https:\/\/www.scoro.com\/et\/wp-json\/wp\/v2\/users\/24"}],"replies":[{"embeddable":true,"href":"https:\/\/www.scoro.com\/et\/wp-json\/wp\/v2\/comments?post=114165"}],"version-history":[{"count":7,"href":"https:\/\/www.scoro.com\/et\/wp-json\/wp\/v2\/pages\/114165\/revisions"}],"predecessor-version":[{"id":223307,"href":"https:\/\/www.scoro.com\/et\/wp-json\/wp\/v2\/pages\/114165\/revisions\/223307"}],"wp:attachment":[{"href":"https:\/\/www.scoro.com\/et\/wp-json\/wp\/v2\/media?parent=114165"}],"curies":[{"name":"wp","href":"https:\/\/api.w.org\/{rel}","templated":true}]}}