{"id":145714,"date":"2020-06-04T17:31:47","date_gmt":"2020-06-04T14:31:47","guid":{"rendered":"https:\/\/www.scoro.com\/features\/"},"modified":"2025-08-28T10:24:50","modified_gmt":"2025-08-28T07:24:50","slug":"funktionen","status":"publish","type":"page","link":"https:\/\/www.scoro.com\/de\/funktionen\/","title":{"rendered":"Funktionen"},"content":{"rendered":"<h1>Verkaufen. Erledigen. Abrechnen.<\/h1>\n<p>Richten Sie Ihr Unternehmen mit einer End-to-End-L\u00f6sung auf Erfolg ein, um Ihre Verk\u00e4ufe und Kunden zu verwalten, die Zeit und Projekte Ihres Teams zu planen und den \u00dcberblick \u00fcber die Ergebnisse Ihres Unternehmens zu behalten.<\/p>\n","protected":false},"excerpt":{"rendered":"<p>Verkaufen. Erledigen. Abrechnen. Richten Sie Ihr Unternehmen mit einer End-to-End-L\u00f6sung auf Erfolg ein, um Ihre Verk\u00e4ufe und Kunden zu verwalten, die Zeit und Projekte Ihres Teams<\/p>\n","protected":false},"author":24,"featured_media":0,"parent":0,"menu_order":0,"comment_status":"closed","ping_status":"closed","template":"template-product.php","meta":{"_acf_changed":false,"content-type":"","footnotes":""},"class_list":["post-145714","page","type-page","status-publish","hentry"],"acf":[],"aioseo_notices":[],"_links":{"self":[{"href":"https:\/\/www.scoro.com\/de\/wp-json\/wp\/v2\/pages\/145714","targetHints":{"allow":["GET"]}}],"collection":[{"href":"https:\/\/www.scoro.com\/de\/wp-json\/wp\/v2\/pages"}],"about":[{"href":"https:\/\/www.scoro.com\/de\/wp-json\/wp\/v2\/types\/page"}],"author":[{"embeddable":true,"href":"https:\/\/www.scoro.com\/de\/wp-json\/wp\/v2\/users\/24"}],"replies":[{"embeddable":true,"href":"https:\/\/www.scoro.com\/de\/wp-json\/wp\/v2\/comments?post=145714"}],"version-history":[{"count":3,"href":"https:\/\/www.scoro.com\/de\/wp-json\/wp\/v2\/pages\/145714\/revisions"}],"predecessor-version":[{"id":223320,"href":"https:\/\/www.scoro.com\/de\/wp-json\/wp\/v2\/pages\/145714\/revisions\/223320"}],"wp:attachment":[{"href":"https:\/\/www.scoro.com\/de\/wp-json\/wp\/v2\/media?parent=145714"}],"curies":[{"name":"wp","href":"https:\/\/api.w.org\/{rel}","templated":true}]}}